{"id":3856,"date":"2025-03-14T15:00:46","date_gmt":"2025-03-14T15:00:46","guid":{"rendered":"https:\/\/brera.growdevs.com\/?page_id=3856"},"modified":"2025-07-02T11:59:45","modified_gmt":"2025-07-02T11:59:45","slug":"our-team","status":"publish","type":"page","link":"https:\/\/breradent.al\/sq\/our-team\/","title":{"rendered":"Ekipi yn\u00eb"},"content":{"rendered":"<div class=\"gb-element-1870fb48\">\n<div class=\"gb-element-35b8d34b\">\n<div class=\"gb-element-dcf2d249\">\n<div class=\"gb-element-44b17041\">\n<div class=\"custom-breadcrumbs gb-element-ed3bc5d8\">\n<div class=\"gb-text-462c55db\"><span class=\"gb-shape\"><svg aria-hidden=\"true\" role=\"img\" height=\"1em\" width=\"1em\" viewbox=\"0 0 512 512\" xmlns=\"http:\/\/www.w3.org\/2000\/svg\"><path fill=\"currentColor\" d=\"M256 8C119 8 8 119 8 256s111 248 248 248 248-111 248-248S393 8 256 8z\"><\/path><\/svg><\/span><\/div>\n\n\n\t\t\t<!-- Flexy Breadcrumb -->\r\n\t\t\t<div class=\"fbc fbc-page\">\r\n\r\n\t\t\t\t<!-- Breadcrumb wrapper -->\r\n\t\t\t\t<div class=\"fbc-wrap\">\r\n\r\n\t\t\t\t\t<!-- Ordered list-->\r\n\t\t\t\t\t<ol class=\"fbc-items\" itemscope itemtype=\"https:\/\/schema.org\/BreadcrumbList\">\r\n\t\t\t\t\t\t            <li itemprop=\"itemListElement\" itemscope itemtype=\"https:\/\/schema.org\/ListItem\">\r\n                <span itemprop=\"name\">\r\n                    <!-- Home Link -->\r\n                    <a itemprop=\"item\" href=\"https:\/\/breradent.al\/sq\/\">\r\n                    \r\n                        Home                    <\/a>\r\n                <\/span>\r\n                <meta itemprop=\"position\" content=\"1\" \/><!-- Meta Position-->\r\n             <\/li><li><span class=\"fbc-separator\">\u00bb<\/span><\/li><li class=\"active\" itemprop=\"itemListElement\" itemscope itemtype=\"https:\/\/schema.org\/ListItem\"><span itemprop=\"name\" title=\"Blog\">Blog<\/span><meta itemprop=\"position\" content=\"2\" \/><\/li>\t\t\t\t\t<\/ol>\r\n\t\t\t\t\t<div class=\"clearfix\"><\/div>\r\n\t\t\t\t<\/div>\r\n\t\t\t<\/div>\r\n\t\t\t\n<\/div>\n\n\n\n<h1 class=\"gb-text gb-text-3603c0e6\">Njihuni me mjek\u00ebt tan\u00eb<\/h1>\n\n\n\n<div class=\"gb-element-bbd9df77\">\n<div class=\"gb-text-867b97e3\"><span class=\"gb-shape\"><svg fill=\"none\" viewbox=\"0 0 29 21\" height=\"21\" width=\"29\" xmlns=\"http:\/\/www.w3.org\/2000\/svg\">\n<path fill=\"#00B67A\" d=\"M27.9202 0.780277C28.5501 1.33141 28.6072 2.29154 28.047 2.91334L12.2761 20.418C11.713 21.0431 10.746 21.0828 10.1335 20.5062L1.00742 11.9148C0.438292 11.379 0.383812 10.4862 0.872107 9.87587C1.41091 9.20237 2.41427 9.10967 3.05551 9.68642L10.1361 16.0553C10.7514 16.6088 11.6988 16.5593 12.2532 15.9447L25.8184 0.904357C26.3673 0.295717 27.3034 0.240547 27.9202 0.780277Z\" clip-rule=\"evenodd\" fill-rule=\"evenodd\"><\/path>\n<\/svg><\/span><span class=\"gb-text\"><strong>5 Yje<\/strong> vler\u00ebsime n\u00eb Google dhe Trustpilot<\/span><\/div>\n\n\n\n<div class=\"gb-text-1a1b2c6e\"><span class=\"gb-shape\"><svg fill=\"none\" viewbox=\"0 0 29 21\" height=\"21\" width=\"29\" xmlns=\"http:\/\/www.w3.org\/2000\/svg\">\n<path fill=\"#00B67A\" d=\"M27.9202 0.780277C28.5501 1.33141 28.6072 2.29154 28.047 2.91334L12.2761 20.418C11.713 21.0431 10.746 21.0828 10.1335 20.5062L1.00742 11.9148C0.438292 11.379 0.383812 10.4862 0.872107 9.87587C1.41091 9.20237 2.41427 9.10967 3.05551 9.68642L10.1361 16.0553C10.7514 16.6088 11.6988 16.5593 12.2532 15.9447L25.8184 0.904357C26.3673 0.295717 27.3034 0.240547 27.9202 0.780277Z\" clip-rule=\"evenodd\" fill-rule=\"evenodd\"><\/path>\n<\/svg><\/span><span class=\"gb-text\"><strong>sukses<\/strong> q\u00eb nga viti 2012<\/span><\/div>\n\n\n\n<div class=\"gb-text-cdfbf207\"><span class=\"gb-shape\"><svg fill=\"none\" viewbox=\"0 0 29 21\" height=\"21\" width=\"29\" xmlns=\"http:\/\/www.w3.org\/2000\/svg\">\n<path fill=\"#00B67A\" d=\"M27.9202 0.780277C28.5501 1.33141 28.6072 2.29154 28.047 2.91334L12.2761 20.418C11.713 21.0431 10.746 21.0828 10.1335 20.5062L1.00742 11.9148C0.438292 11.379 0.383812 10.4862 0.872107 9.87587C1.41091 9.20237 2.41427 9.10967 3.05551 9.68642L10.1361 16.0553C10.7514 16.6088 11.6988 16.5593 12.2532 15.9447L25.8184 0.904357C26.3673 0.295717 27.3034 0.240547 27.9202 0.780277Z\" clip-rule=\"evenodd\" fill-rule=\"evenodd\"><\/path>\n<\/svg><\/span><span class=\"gb-text\"><strong>Klinik\u00eb Dentare <\/strong>Moderne dhe e Certifikuar<\/span><\/div>\n<\/div>\n\n\n\n<img loading=\"lazy\" decoding=\"async\" width=\"577\" height=\"106\" class=\"gb-media-58f09482\" src=\"https:\/\/breradent.al\/wp-content\/uploads\/2025\/03\/nc_logos_v2-1024x189-4-1.png\" title=\"nc_logos_v2-1024x189 (4) 1\" srcset=\"https:\/\/breradent.al\/wp-content\/uploads\/2025\/03\/nc_logos_v2-1024x189-4-1.png 577w, https:\/\/breradent.al\/wp-content\/uploads\/2025\/03\/nc_logos_v2-1024x189-4-1-300x55.png 300w, https:\/\/breradent.al\/wp-content\/uploads\/2025\/03\/nc_logos_v2-1024x189-4-1-18x3.png 18w\" sizes=\"auto, (max-width: 577px) 100vw, 577px\" \/>\n<\/div>\n<\/div>\n\n\n\n<div class=\"gb-element-52c9c24f\"><\/div>\n<\/div>\n<\/div>\n\n\n\n<div id=\"elidon\">\n<div class=\"gb-element-9ae7db51\">\n<div class=\"gb-element-ad545f05\"><\/div>\n\n\n\n<div class=\"gb-element-52fe63bf\">\n<div class=\"gb-element-d66999ff\">\n<div class=\"gb-text subheading gb-text-7229c387\">Ekselenc\u00eb n\u00eb Kirurgjin\u00eb Orale dhe Protetik\u00ebn Stomatologjike<\/div>\n\n\n\n<h2 class=\"gb-text heading-2 gb-text-d29cad7b\">DR. ELIDON KOJNOZI<\/h2>\n\n\n\n<div class=\"gb-text gb-text-a7090b15\">BASHK\u00cbTHEMELUESE E BRERA | EKSPERT I IMPLANTOLOGJIS\u00cb DHE PROTEZ\u00cbS<\/div>\n\n\n\n<p>Dr. Elidoni \u00ebsht\u00eb nj\u00eb nga profesionist\u00ebt m\u00eb t\u00eb respektuar dhe m\u00eb t\u00eb arrir\u00eb n\u00eb fushat e kirurgjis\u00eb orale dhe protetik\u00ebs. Me nj\u00eb reputacion t\u00eb nd\u00ebrtuar mbi precizionin, integritetin dhe rezultatet klinike t\u00eb shk\u00eblqyera, ai kombinon ekspertiz\u00ebn kirurgjikale me nj\u00eb sy t\u00eb rafinuar estetik p\u00ebr t\u00eb garantuar rezultate t\u00eb mahnitshme q\u00eb ndryshojn\u00eb jet\u00ebn e pacient\u00ebve tan\u00eb.<br><br>Aft\u00ebsia e tij p\u00ebr t\u00eb planifikuar dhe ekzekutuar rehabilitime komplekse \u2014 nga implantet dentare deri te restaurimet e plota t\u00eb goj\u00ebs \u2014 e b\u00ebn at\u00eb nd\u00ebr specialist\u00ebt m\u00eb t\u00eb mir\u00eb n\u00eb fush\u00ebn e tij. Pacient\u00ebt i besojn\u00eb atij jo vet\u00ebm p\u00ebr aft\u00ebsin\u00eb teknike dhe diagnoz\u00ebn e mpreht\u00eb, por edhe p\u00ebr qasjen e tij t\u00eb qet\u00eb dhe t\u00eb sigurt dhe p\u00ebrkushtimin ndaj p\u00ebrsosm\u00ebris\u00eb.<br><br>\u201cKur b\u00ebhet fjal\u00eb p\u00ebr kombinimin e sakt\u00ebsis\u00eb kirurgjikale me p\u00ebrsosm\u00ebrin\u00eb estetike, Dr. Elidoni \u00ebsht\u00eb n\u00eb nj\u00eb tjet\u00ebr nivel.\u201d<\/p>\n\n\n\n<div class=\"gb-element-e43443bc\">\n<a class=\"btn with-chevron gb-text-c5560e73\" href=\"https:\/\/breradent.al\/sq\/contact\/\"><span class=\"gb-text\">Merr Nj\u00eb Preventiv Falas<\/span><span class=\"gb-shape\"><svg width=\"8\" height=\"14\" viewbox=\"0 0 8 14\" fill=\"none\" xmlns=\"http:\/\/www.w3.org\/2000\/svg\">\n<path fill-rule=\"evenodd\" clip-rule=\"evenodd\" d=\"M0.292893 13.7071C-0.0976311 13.3166 -0.0976311 12.6834 0.292893 12.2929L5.58579 7L0.292893 1.70711C-0.0976309 1.31658 -0.0976309 0.683417 0.292893 0.292893C0.683418 -0.0976314 1.31658 -0.0976314 1.70711 0.292893L7.70711 6.29289C8.09763 6.68342 8.09763 7.31658 7.70711 7.70711L1.70711 13.7071C1.31658 14.0976 0.683417 14.0976 0.292893 13.7071Z\" fill=\"currentColor\"><\/path>\n<\/svg><\/span><\/a>\n\n\n\n<a class=\"btn btn-whatsapp gb-text-975014e7\" href=\"https:\/\/wa.me\/393447152644\"><span class=\"gb-shape\"><svg aria-hidden=\"true\" role=\"img\" height=\"1em\" width=\"1em\" viewbox=\"0 0 448 512\" xmlns=\"http:\/\/www.w3.org\/2000\/svg\"><path fill=\"currentColor\" d=\"M380.9 97.1C339 55.1 283.2 32 223.9 32c-122.4 0-222 99.6-222 222 0 39.1 10.2 77.3 29.6 111L0 480l117.7-30.9c32.4 17.7 68.9 27 106.1 27h.1c122.3 0 224.1-99.6 224.1-222 0-59.3-25.2-115-67.1-157zm-157 341.6c-33.2 0-65.7-8.9-94-25.7l-6.7-4-69.8 18.3L72 359.2l-4.4-7c-18.5-29.4-28.2-63.3-28.2-98.2 0-101.7 82.8-184.5 184.6-184.5 49.3 0 95.6 19.2 130.4 54.1 34.8 34.9 56.2 81.2 56.1 130.5 0 101.8-84.9 184.6-186.6 184.6zm101.2-138.2c-5.5-2.8-32.8-16.2-37.9-18-5.1-1.9-8.8-2.8-12.5 2.8-3.7 5.6-14.3 18-17.6 21.8-3.2 3.7-6.5 4.2-12 1.4-32.6-16.3-54-29.1-75.5-66-5.7-9.8 5.7-9.1 16.3-30.3 1.8-3.7.9-6.9-.5-9.7-1.4-2.8-12.5-30.1-17.1-41.2-4.5-10.8-9.1-9.3-12.5-9.5-3.2-.2-6.9-.2-10.6-.2-3.7 0-9.7 1.4-14.8 6.9-5.1 5.6-19.4 19-19.4 46.3 0 27.3 19.9 53.7 22.6 57.4 2.8 3.7 39.1 59.7 94.8 83.8 35.2 15.2 49 16.5 66.6 13.9 10.7-1.6 32.8-13.4 37.4-26.4 4.6-13 4.6-24.1 3.2-26.4-1.3-2.5-5-3.9-10.5-6.6z\"><\/path><\/svg><\/span><span class=\"gb-text\">Telefononi mjekun<\/span><\/a>\n<\/div>\n<\/div>\n<\/div>\n<\/div>\n<\/div>\n\n\n\n<div class=\"gb-element-c0498f69\" id=\"anisa\">\n<div class=\"gb-element-71ae153d\">\n<div class=\"gb-element-21d34859\">\n<div class=\"gb-element-0e7620cf\">\n<div class=\"gb-text subheading gb-text-8af092a3\">Vizionare n\u00eb Ortodoncin\u00eb Moderne dhe Stomatologjin\u00eb Estetike<\/div>\n\n\n\n<h2 class=\"gb-text heading-2 gb-text-6dd3e531\">Dr. ANISA ALUSHI<\/h2>\n\n\n\n<div class=\"gb-text gb-text-9509219c\">BASHK\u00cbTHEMELUESI, DREJTOR EKZEKUTIV I BRERA | EKSPERT N\u00cb ORTODONTIC\u00cb DHE STOMATOLOGJI ESTETIKE<\/div>\n\n\n\n<p><br>Dr. Anisa \u00ebsht\u00eb nj\u00eb nga profesionistet e stomatologjis\u00eb m\u00eb dinamike dhe me vizion n\u00eb brezin e saj. Ajo \u00ebsht\u00eb bashk\u00ebthemeluese dhe drejtore ekzekutive e Brera Dent dhe Brera aligner, kompanis\u00eb s\u00eb saj t\u00eb aparateve ortodontike! Me ekspertiz\u00eb t\u00eb jasht\u00ebzakonshme n\u00eb terapin\u00eb ortodontike, smile design dhe estetik\u00ebn dentare, ajo ka transformuar qindra buz\u00ebqeshje me precizion, mjesht\u00ebri dhe kujdes ekselent. P\u00ebrvoja e saj nd\u00ebrkomb\u00ebtare, ve\u00e7an\u00ebrisht n\u00eb turizmin dentar, e dallon at\u00eb si nj\u00eb inovatore t\u00eb v\u00ebrtet\u00eb q\u00eb p\u00ebrzien teknologjin\u00eb e p\u00ebrparuar me raportet njer\u00ebzore.<br><br>Pacient\u00ebt e lavd\u00ebrojn\u00eb at\u00eb p\u00ebr qasjen e saj t\u00eb but\u00eb, gjykimin e mpreht\u00eb klinik dhe p\u00ebrkushtimin e pakrahasuesh\u00ebm p\u00ebr t\u00eb arritur rezultate natyrale dhe t\u00eb bukura.<br><br>\u201cDr. Anisa nuk \u00ebsht\u00eb vet\u00ebm nj\u00eb dentiste \u2013 ajo \u00ebsht\u00eb nj\u00eb arkitekte e buz\u00ebqeshjes.\u201d<\/p>\n\n\n\n<div class=\"gb-element-e43443bc\">\n<a class=\"btn with-chevron gb-text-c5560e73\" href=\"https:\/\/breradent.al\/sq\/contact\/\"><span class=\"gb-text\">Merr Nj\u00eb Preventiv Falas<\/span><span class=\"gb-shape\"><svg width=\"8\" height=\"14\" viewbox=\"0 0 8 14\" fill=\"none\" xmlns=\"http:\/\/www.w3.org\/2000\/svg\">\n<path fill-rule=\"evenodd\" clip-rule=\"evenodd\" d=\"M0.292893 13.7071C-0.0976311 13.3166 -0.0976311 12.6834 0.292893 12.2929L5.58579 7L0.292893 1.70711C-0.0976309 1.31658 -0.0976309 0.683417 0.292893 0.292893C0.683418 -0.0976314 1.31658 -0.0976314 1.70711 0.292893L7.70711 6.29289C8.09763 6.68342 8.09763 7.31658 7.70711 7.70711L1.70711 13.7071C1.31658 14.0976 0.683417 14.0976 0.292893 13.7071Z\" fill=\"currentColor\"><\/path>\n<\/svg><\/span><\/a>\n\n\n\n<a class=\"btn btn-whatsapp gb-text-975014e7\" href=\"https:\/\/wa.me\/393447152644\"><span class=\"gb-shape\"><svg aria-hidden=\"true\" role=\"img\" height=\"1em\" width=\"1em\" viewbox=\"0 0 448 512\" xmlns=\"http:\/\/www.w3.org\/2000\/svg\"><path fill=\"currentColor\" d=\"M380.9 97.1C339 55.1 283.2 32 223.9 32c-122.4 0-222 99.6-222 222 0 39.1 10.2 77.3 29.6 111L0 480l117.7-30.9c32.4 17.7 68.9 27 106.1 27h.1c122.3 0 224.1-99.6 224.1-222 0-59.3-25.2-115-67.1-157zm-157 341.6c-33.2 0-65.7-8.9-94-25.7l-6.7-4-69.8 18.3L72 359.2l-4.4-7c-18.5-29.4-28.2-63.3-28.2-98.2 0-101.7 82.8-184.5 184.6-184.5 49.3 0 95.6 19.2 130.4 54.1 34.8 34.9 56.2 81.2 56.1 130.5 0 101.8-84.9 184.6-186.6 184.6zm101.2-138.2c-5.5-2.8-32.8-16.2-37.9-18-5.1-1.9-8.8-2.8-12.5 2.8-3.7 5.6-14.3 18-17.6 21.8-3.2 3.7-6.5 4.2-12 1.4-32.6-16.3-54-29.1-75.5-66-5.7-9.8 5.7-9.1 16.3-30.3 1.8-3.7.9-6.9-.5-9.7-1.4-2.8-12.5-30.1-17.1-41.2-4.5-10.8-9.1-9.3-12.5-9.5-3.2-.2-6.9-.2-10.6-.2-3.7 0-9.7 1.4-14.8 6.9-5.1 5.6-19.4 19-19.4 46.3 0 27.3 19.9 53.7 22.6 57.4 2.8 3.7 39.1 59.7 94.8 83.8 35.2 15.2 49 16.5 66.6 13.9 10.7-1.6 32.8-13.4 37.4-26.4 4.6-13 4.6-24.1 3.2-26.4-1.3-2.5-5-3.9-10.5-6.6z\"><\/path><\/svg><\/span><span class=\"gb-text\">Telefononi mjekun<\/span><\/a>\n<\/div>\n<\/div>\n<\/div>\n\n\n\n<div class=\"gb-element-31d56788\"><\/div>\n<\/div>\n<\/div>\n\n\n\n<div class=\"contained gb-element-4a2e388e\">\n<div class=\"gb-element-3ad80970\">\n<div class=\"gb-element-308ecfe6\">\n<img loading=\"lazy\" decoding=\"async\" width=\"629\" height=\"755\" class=\"gb-media-f05f77d4\" src=\"https:\/\/breradent.al\/wp-content\/uploads\/2025\/03\/gallery-1.png\" title=\"galeri\" alt=\"\" srcset=\"https:\/\/breradent.al\/wp-content\/uploads\/2025\/03\/gallery-1.png 629w, https:\/\/breradent.al\/wp-content\/uploads\/2025\/03\/gallery-1-250x300.png 250w, https:\/\/breradent.al\/wp-content\/uploads\/2025\/03\/gallery-1-10x12.png 10w\" sizes=\"auto, (max-width: 629px) 100vw, 629px\" \/>\n<\/div>\n\n\n\n<div class=\"gb-element-82606694\">\n<div class=\"gb-element-6b9e0cdf\">\n<div class=\"gb-text-b8385cfb\"><span class=\"gb-shape\"><svg aria-hidden=\"true\" role=\"img\" height=\"1em\" width=\"1em\" viewbox=\"0 0 512 512\" xmlns=\"http:\/\/www.w3.org\/2000\/svg\"><path fill=\"currentColor\" d=\"M256 8C119 8 8 119 8 256s111 248 248 248 248-111 248-248S393 8 256 8z\"><\/path><\/svg><\/span><span class=\"gb-text\">Na kontaktoni<\/span><\/div>\n\n\n\n<img loading=\"lazy\" decoding=\"async\" width=\"106\" height=\"2\" class=\"gb-media-dd72e5bc\" src=\"https:\/\/breradent.al\/wp-content\/uploads\/2025\/03\/Group-2224.png\" title=\"Grupi 2224\" srcset=\"https:\/\/breradent.al\/wp-content\/uploads\/2025\/03\/Group-2224.png 106w, https:\/\/breradent.al\/wp-content\/uploads\/2025\/03\/Group-2224-18x1.png 18w\" sizes=\"auto, (max-width: 106px) 100vw, 106px\" \/>\n<\/div>\n\n\n\n<h3 class=\"gb-text gb-text-0336219c\">Na kontaktoni p\u00ebr nj\u00eb <strong>preventiv <mark style=\"background-color:rgba(0, 0, 0, 0);color:#757885\" class=\"has-inline-color\">falas<\/mark><\/strong> dhe nj\u00eb plan dentar t\u00eb personalizuar!<\/h3>\n\n\n\n<h5 class=\"gb-text gb-text-8ef82cb8\">Filloni tuajin <strong>transformim sot!<\/strong>\u2028<br>Plot\u00ebsoni t\u00eb dh\u00ebnat tuaja p\u00ebr nj\u00eb <strong>KONSULT\u00cb FALAS!<\/strong><\/h5>\n\n\n\n<div class=\"gb-element-7f897095\">\n<div class=\"contact-form\"><div class='fluentform ff-default fluentform_wrapper_3  ff_guten_block ffs_default_wrap'><form data-form_id=\"3\" id=\"fluentform_3\" class=\"frm-fluent-form fluent_form_3 ff-el-form-top ff_form_instance_3_1 ff-form-loading ff_has_v3_recptcha ffs_default\" data-form_instance=\"ff_form_instance_3_1\" method=\"POST\" data-recptcha_key=\"6LdOGqQrAAAAAORofaV-AxcU8AD7Ngiw_Isrq6cV\" action=\"\" ><fieldset  style=\"border: none!important;margin: 0!important;padding: 0!important;background-color: transparent!important;box-shadow: none!important;outline: none!important; min-inline-size: 100%;\">\n                    <legend class=\"ff_screen_reader_title\" style=\"display: block; margin: 0!important;padding: 0!important;height: 0!important;text-indent: -999999px;width: 0!important;overflow:hidden;\">Formulari i Kontaktit<\/legend>        <div class=\"ff-el-group ff-hpsf-container\">\n            <div class=\"ff-el-input--label asterisk-right\">\n                <label for=\"ff_3_item_sf\" aria-label=\"Njoftoni\">\n                    Njoftoni                <\/label>\n            <\/div>\n            <div class=\"ff-el-input--content\">\n                <input type=\"text\"\n                       name=\"item_3__fluent_sf\"\n                       class=\"ff-el-form-control\"\n                       id=\"ff_3_item_sf\"\n                \/>\n            <\/div>\n        <\/div>\n        <input type='hidden' name='__fluent_form_embded_post_id' value='3856' \/><input type=\"hidden\" id=\"_fluentform_3_fluentformnonce\" name=\"_fluentform_3_fluentformnonce\" value=\"8c60256737\" \/><input type=\"hidden\" name=\"_wp_http_referer\" value=\"\/sq\/wp-json\/wp\/v2\/pages\/3856\" \/><div data-name=\"ff_cn_id_1\"  class='ff-t-container ff-column-container ff_columns_total_2'><div class='ff-t-cell ff-t-column-1' style='flex-basis: 50%;'><div data-type=\"name-element\" data-name=\"names\" class=\"ff-field_container ff-name-field-wrapper\" ><div class='ff-t-container'><div class='ff-t-cell'><div class='ff-el-group ff-el-form-hide_label'><div class=\"ff-el-input--label ff-el-is-required asterisk-right\"><label for='ff_3_names_first_name_' >Emri<\/label><\/div><div class='ff-el-input--content'><input type=\"text\" name=\"names[first_name]\" id=\"ff_3_names_first_name_\" class=\"ff-el-form-control\" placeholder=\"Emri i plot\u00eb*\" aria-invalid=\"false\" aria-required=\"true\"><\/div><\/div><\/div><\/div><\/div><\/div><div class='ff-t-cell ff-t-column-2' style='flex-basis: 50%;'><div class='ff-el-group ff-el-form-hide_label'><div class=\"ff-el-input--label ff-el-is-required asterisk-right\"><label for='ff_3_email' aria-label=\"Email\">Email<\/label><\/div><div class='ff-el-input--content'><input type=\"email\" name=\"email\" id=\"ff_3_email\" class=\"ff-el-form-control\" placeholder=\"Email*\" data-name=\"email\"  aria-invalid=\"false\" aria-required=\"true\"><\/div><\/div><\/div><\/div><div data-name=\"ff_cn_id_2\"  class='ff-t-container ff-column-container ff_columns_total_2'><div class='ff-t-cell ff-t-column-1' style='flex-basis: 50%;'><div class='ff-el-group ff-el-form-hide_label'><div class=\"ff-el-input--label ff-el-is-required asterisk-right\"><label for='ff_3_phone_1' aria-label=\"Telefon\/Celular\">Telefon\/Celular<\/label><\/div><div class='ff-el-input--content'><input name=\"phone_1\" class=\"ff-el-form-control ff-el-phone ff_el_with_extended_validation\" type=\"tel\" placeholder=\"Telefon*\" data-name=\"phone_1\" id=\"ff_3_phone_1\" inputmode=\"tel\"  aria-invalid='false' aria-required=\"true\"><\/div><\/div><\/div><div class='ff-t-cell ff-t-column-2' style='flex-basis: 50%;'><div class='ff-el-group ff-el-form-hide_label'><div class=\"ff-el-input--label asterisk-right\"><label for='ff_3_dropdown' aria-label=\"Menu zbrit\u00ebse\">Menu zbrit\u00ebse<\/label><\/div><div class='ff-el-input--content'><select name=\"dropdown\" id=\"ff_3_dropdown\" class=\"ff-el-form-control\" data-name=\"dropdown\" data-calc_value=\"0\"  aria-invalid=\"false\" aria-required=\"false\"><option value=\"\">Trajtimi<\/option><option value=\"Dental Implants\"  >Implantet dentare<\/option><option value=\"Orthodontics\"  >Ortodonci<\/option><option value=\"Cosmetic Dentistry\"  >Stomatologji Kozmetike<\/option><option value=\"General Dentistry\"  >Stomatologji e P\u00ebrgjithshme<\/option><\/select><\/div><\/div><\/div><\/div><div data-name=\"ff_cn_id_3\"  class='ff-t-container ff-column-container ff_columns_total_1'><div class='ff-t-cell ff-t-column-1' style='flex-basis: 100%;'><div class='ff-el-group ff-el-form-hide_label'><div class=\"ff-el-input--label asterisk-right\"><label for='ff_3_description' aria-label=\"Zona e tekstit\">Zona e tekstit<\/label><\/div><div class='ff-el-input--content'><textarea aria-invalid=\"false\" aria-required=\"false\" name=\"description\" id=\"ff_3_description\" class=\"ff-el-form-control\" placeholder=\"Mesazh\" rows=\"10\" cols=\"2\" data-name=\"description\" ><\/textarea><\/div><\/div><\/div><\/div><div class='ff-el-group ff-text-left ff_submit_btn_wrapper'><button type=\"submit\" class=\"ff-btn ff-btn-submit ff-btn-md ff_btn_no_style\" >K\u00ebrkoni Konsultim Falas<\/button><\/div><\/fieldset><input type=\"hidden\" name=\"trp-form-language\" value=\"sq\"\/><\/form><div id='fluentform_3_errors' class='ff-errors-in-stack ff_form_instance_3_1 ff-form-loading_errors ff_form_instance_3_1_errors'><\/div><\/div>        <script type=\"text\/javascript\">\n            window.fluent_form_ff_form_instance_3_1 = {\"id\":\"3\",\"settings\":{\"layout\":{\"labelPlacement\":\"top\",\"asteriskPlacement\":\"asterisk-right\",\"helpMessagePlacement\":\"with_label\",\"errorMessagePlacement\":\"inline\",\"cssClassName\":\"\"},\"restrictions\":{\"denyEmptySubmission\":{\"enabled\":false}}},\"form_instance\":\"ff_form_instance_3_1\",\"form_id_selector\":\"fluentform_3\",\"rules\":{\"names[first_name]\":{\"required\":{\"value\":true,\"message\":\"This field is required\",\"global_message\":\"This field is required\",\"global\":true}},\"names[middle_name]\":{\"required\":{\"value\":false,\"message\":\"This field is required\",\"global_message\":\"This field is required\",\"global\":true}},\"names[last_name]\":{\"required\":{\"value\":false,\"message\":\"This field is required\",\"global_message\":\"This field is required\",\"global\":true}},\"email\":{\"required\":{\"value\":true,\"message\":\"This field is required\",\"global_message\":\"This field is required\",\"global\":true},\"email\":{\"value\":true,\"message\":\"This field must contain a valid email\",\"global_message\":\"This field must contain a valid email\",\"global\":true}},\"phone_1\":{\"required\":{\"value\":true,\"global\":true,\"message\":\"This field is required\",\"global_message\":\"This field is required\"},\"valid_phone_number\":{\"value\":true,\"global\":true,\"message\":\"Phone number is not valid\",\"global_message\":\"Phone number is not valid\"}},\"dropdown\":{\"required\":{\"value\":false,\"message\":\"This field is required\",\"global_message\":\"This field is required\",\"global\":true}},\"description\":{\"required\":{\"value\":false,\"message\":\"This field is required\",\"global_message\":\"This field is required\",\"global\":true}}},\"debounce_time\":300};\n                    <\/script>\n        \n\n\n<a class=\"gb-text-4f0f3227\" href=\"https:\/\/wa.me\/393447152644\"><span class=\"gb-shape\"><svg aria-hidden=\"true\" role=\"img\" height=\"1em\" width=\"1em\" viewbox=\"0 0 448 512\" xmlns=\"http:\/\/www.w3.org\/2000\/svg\"><path fill=\"currentColor\" d=\"M380.9 97.1C339 55.1 283.2 32 223.9 32c-122.4 0-222 99.6-222 222 0 39.1 10.2 77.3 29.6 111L0 480l117.7-30.9c32.4 17.7 68.9 27 106.1 27h.1c122.3 0 224.1-99.6 224.1-222 0-59.3-25.2-115-67.1-157zm-157 341.6c-33.2 0-65.7-8.9-94-25.7l-6.7-4-69.8 18.3L72 359.2l-4.4-7c-18.5-29.4-28.2-63.3-28.2-98.2 0-101.7 82.8-184.5 184.6-184.5 49.3 0 95.6 19.2 130.4 54.1 34.8 34.9 56.2 81.2 56.1 130.5 0 101.8-84.9 184.6-186.6 184.6zm101.2-138.2c-5.5-2.8-32.8-16.2-37.9-18-5.1-1.9-8.8-2.8-12.5 2.8-3.7 5.6-14.3 18-17.6 21.8-3.2 3.7-6.5 4.2-12 1.4-32.6-16.3-54-29.1-75.5-66-5.7-9.8 5.7-9.1 16.3-30.3 1.8-3.7.9-6.9-.5-9.7-1.4-2.8-12.5-30.1-17.1-41.2-4.5-10.8-9.1-9.3-12.5-9.5-3.2-.2-6.9-.2-10.6-.2-3.7 0-9.7 1.4-14.8 6.9-5.1 5.6-19.4 19-19.4 46.3 0 27.3 19.9 53.7 22.6 57.4 2.8 3.7 39.1 59.7 94.8 83.8 35.2 15.2 49 16.5 66.6 13.9 10.7-1.6 32.8-13.4 37.4-26.4 4.6-13 4.6-24.1 3.2-26.4-1.3-2.5-5-3.9-10.5-6.6z\"><\/path><\/svg><\/span><span class=\"gb-text\">Telefononi mjekun<\/span><\/a>\n<\/div>\n<\/div>\n<\/div>\n<\/div>\n<\/div>\n\n\n\n<div class=\"gb-element-0b7ce280\">\n<div class=\"contained gb-element-ad7650b0\">\n<div class=\"line-right gb-element-a240bc0a\">\n<div class=\"gb-element-25ee11bc\">\n<div class=\"gb-text gb-text-457921cb\">870<mark style=\"background-color:rgba(0, 0, 0, 0)\" class=\"has-inline-color has-accent-color\">+<\/mark><\/div>\n\n\n\n<div class=\"gb-text gb-text-d6329bc3\">Klient\u00eb nga e gjith\u00eb bota<\/div>\n<\/div>\n<\/div>\n\n\n\n<div class=\"line-right gb-element-b8c76b20\">\n<div class=\"gb-text gb-text-9d49b156\">sukses<\/div>\n\n\n\n<div class=\"gb-text gb-text-c5770289\">q\u00eb nga viti 2012<\/div>\n<\/div>\n\n\n\n<div class=\"line-right gb-element-a587b3e1\">\n<div class=\"gb-text gb-text-f33a27d4\">Klinik\u00eb Dentare<\/div>\n\n\n\n<div class=\"gb-text gb-text-1cd61b22\">Moderne dhe e Certifikuar<\/div>\n<\/div>\n\n\n\n<div class=\"gb-element-eea3679b\">\n<div class=\"gb-element-90826631\">\n<div class=\"gb-text gb-text-0e70cff3\">10<mark style=\"background-color:rgba(0, 0, 0, 0)\" class=\"has-inline-color has-accent-color\">+<\/mark><\/div>\n\n\n\n<div class=\"gb-text gb-text-4948457b\">vite p\u00ebrvoj\u00eb<\/div>\n<\/div>\n<\/div>\n<\/div>\n<\/div>","protected":false},"excerpt":{"rendered":"<p>Meet our people 5 Star Google &amp; Trustpilot Reviews Natural Results Since 2012 Awarded Dental Clinic in Tirana Excellence in Oral Surgery &amp; Prosthodontics DR. ELIDON KOJNOZI CO FOUNDER OF BRERA | IMPLANTOLOGY AND PROSTHETICS EXPERT Dr. Elidoni is one of the most respected and accomplished professionals in the fields of oral surgery and prosthodontics. &#8230; <a title=\"Ekipi yn\u00eb\" class=\"read-more\" href=\"https:\/\/breradent.al\/sq\/our-team\/\" aria-label=\"Read more about Our Team\">Lexoni m\u00eb shum\u00eb<\/a><\/p>","protected":false},"author":1,"featured_media":0,"parent":0,"menu_order":0,"comment_status":"closed","ping_status":"closed","template":"","meta":{"inline_featured_image":false,"footnotes":""},"class_list":["post-3856","page","type-page","status-publish"],"_links":{"self":[{"href":"https:\/\/breradent.al\/sq\/wp-json\/wp\/v2\/pages\/3856","targetHints":{"allow":["GET"]}}],"collection":[{"href":"https:\/\/breradent.al\/sq\/wp-json\/wp\/v2\/pages"}],"about":[{"href":"https:\/\/breradent.al\/sq\/wp-json\/wp\/v2\/types\/page"}],"author":[{"embeddable":true,"href":"https:\/\/breradent.al\/sq\/wp-json\/wp\/v2\/users\/1"}],"replies":[{"embeddable":true,"href":"https:\/\/breradent.al\/sq\/wp-json\/wp\/v2\/comments?post=3856"}],"version-history":[{"count":45,"href":"https:\/\/breradent.al\/sq\/wp-json\/wp\/v2\/pages\/3856\/revisions"}],"predecessor-version":[{"id":4859,"href":"https:\/\/breradent.al\/sq\/wp-json\/wp\/v2\/pages\/3856\/revisions\/4859"}],"wp:attachment":[{"href":"https:\/\/breradent.al\/sq\/wp-json\/wp\/v2\/media?parent=3856"}],"curies":[{"name":"wp","href":"https:\/\/api.w.org\/{rel}","templated":true}]}}