{"id":5207,"date":"2025-07-04T08:53:58","date_gmt":"2025-07-04T08:53:58","guid":{"rendered":"https:\/\/brera.growdevs.com\/?page_id=5207"},"modified":"2025-07-04T08:53:59","modified_gmt":"2025-07-04T08:53:59","slug":"terms-and-conditions","status":"publish","type":"page","link":"https:\/\/breradent.al\/sq\/terms-and-conditions\/","title":{"rendered":"Kushtet dhe Rregullat"},"content":{"rendered":"<h2 class=\"wp-block-heading\">Kushtet dhe Rregullat<\/h2>\n\n\n\n<p>Mir\u00ebsevini n\u00eb faqen e internetit t\u00eb Brera Dent. Duke hyr\u00eb ose duke p\u00ebrdorur faqen ton\u00eb t\u00eb internetit, ju pranoni t'i p\u00ebrmbaheni dhe t\u00eb jeni t\u00eb detyruar nga kushtet dhe rregullat e m\u00ebposhtme. Ju lutemi rishikoni k\u00ebto kushte me kujdes. N\u00ebse nuk pajtoheni me k\u00ebto kushte, nuk duhet t\u00eb p\u00ebrdorni k\u00ebt\u00eb faqe interneti.<\/p>\n\n\n\n<h3 class=\"wp-block-heading\">1. Pranimi i kushteve<\/h3>\n\n\n\n<p>K\u00ebto Kushtet dhe Rregullat p\u00ebrb\u00ebjn\u00eb nj\u00eb marr\u00ebveshje ligj\u00ebrisht t\u00eb detyrueshme midis jush dhe Brera Dent (\"ne\", \"na\" ose \"ton\u00eb\"). Qasja juaj dhe p\u00ebrdorimi i k\u00ebtij uebsajti jan\u00eb t\u00eb kusht\u00ebzuara nga pranimi dhe p\u00ebrmbushja e k\u00ebtyre Kushtet dhe Rregullave.<\/p>\n\n\n\n<h3 class=\"wp-block-heading\">2. P\u00ebrdorimi i faqes s\u00eb internetit<\/h3>\n\n\n\n<p>Ky uebsajt ofrohet p\u00ebr q\u00ebllime informuese n\u00eb lidhje me sh\u00ebrbimet e Brera Dent. Ju pranoni t\u00eb p\u00ebrdorni k\u00ebt\u00eb uebsajt vet\u00ebm p\u00ebr q\u00ebllime t\u00eb ligjshme dhe n\u00eb nj\u00eb m\u00ebnyr\u00eb q\u00eb nuk cenon t\u00eb drejtat e, nuk kufizon apo pengon p\u00ebrdorimin dhe shijimin e tij nga t\u00eb tjer\u00ebt.<\/p>\n\n\n\n<h3 class=\"wp-block-heading\">3. P\u00ebrmbajtja e ofruar nga p\u00ebrdoruesi<\/h3>\n\n\n\n<p>Kur p\u00ebrdorni formular\u00ebt tan\u00eb, mund t\u00eb jepni informacione personale, mesazhe dhe skedar\u00eb (si rreze panoramike). Ju pranoni q\u00eb \u00e7do informacion q\u00eb dor\u00ebzoni \u00ebsht\u00eb i sakt\u00eb, i plot\u00eb dhe nuk \u00ebsht\u00eb mashtrues. Gjithashtu konfirmoni se keni t\u00eb drejt\u00eb t\u00eb siguroni \u00e7do skedar ose informacion mjek\u00ebsor q\u00eb ngarkoni dhe se kjo nuk shkel t\u00eb drejtat e pal\u00ebve t\u00eb treta ose ligjet n\u00eb fuqi.<\/p>\n\n\n\n<h3 class=\"wp-block-heading\">4. Pron\u00ebsia intelektuale<\/h3>\n\n\n\n<p>E gjith\u00eb p\u00ebrmbajtja n\u00eb k\u00ebt\u00eb faqe interneti, duke p\u00ebrfshir\u00eb tekstin, grafik\u00ebn, logot, imazhet dhe softuerin, \u00ebsht\u00eb pron\u00eb e Brera Dent ose e furnizuesve t\u00eb saj t\u00eb p\u00ebrmbajtjes dhe mbrohet nga ligjet nd\u00ebrkomb\u00ebtare t\u00eb t\u00eb drejtave t\u00eb autorit. Ju nuk mund t\u00eb riprodhoni, shp\u00ebrndani, modifikoni, shfaqni ose krijoni vepra t\u00eb rrjedhshme nga asnj\u00eb p\u00ebrmbajtje n\u00eb k\u00ebt\u00eb faqe interneti pa p\u00eblqimin ton\u00eb paraprak me shkrim.<\/p>\n\n\n\n<h3 class=\"wp-block-heading\">5. P\u00ebrjashtimi i garancive<\/h3>\n\n\n\n<p>Ky uebsajt dhe p\u00ebrmbajtja e tij ofrohen \"si\u00e7 jan\u00eb\" dhe \"si t\u00eb disponuesh\u00ebm\" pa asnj\u00eb garanci t\u00eb asnj\u00eb lloji, qoft\u00eb t\u00eb shprehur apo t\u00eb n\u00ebnkuptuar. Brera Dent nuk garanton q\u00eb uebsajti do t\u00eb jet\u00eb i pand\u00ebrprer\u00eb, pa gabime, i sigurt, apo i lir\u00eb nga viruset ose komponent\u00eb t\u00eb tjer\u00eb t\u00eb d\u00ebmsh\u00ebm.<\/p>\n\n\n\n<h3 class=\"wp-block-heading\">6. Kufizimi i p\u00ebrgjegj\u00ebsis\u00eb<\/h3>\n\n\n\n<p>N\u00eb asnj\u00eb rast Brera Dent, drejtor\u00ebt, punonj\u00ebsit ose agjent\u00ebt e saj nuk do t\u00eb jen\u00eb p\u00ebrgjegj\u00ebs p\u00ebr asnj\u00eb d\u00ebmshp\u00ebrblim t\u00eb drejtp\u00ebrdrejt\u00eb, t\u00eb t\u00ebrthort\u00eb, incidental, t\u00eb ve\u00e7ant\u00eb, pasojor ose nd\u00ebshkues, duke p\u00ebrfshir\u00eb pa kufizim, humbjen e fitimeve, t\u00eb dh\u00ebnave, p\u00ebrdorimit, reputacionit ose humbjeve t\u00eb tjera t\u00eb paprekshme, q\u00eb rrjedhin nga (i) qasja ose p\u00ebrdorimi juaj i faqes s\u00eb internetit ose paaft\u00ebsia p\u00ebr t'u qasur ose p\u00ebrdorur n\u00eb t\u00eb; (ii) \u00e7do sjellje ose p\u00ebrmbajtje e \u00e7do pale t\u00eb tret\u00eb n\u00eb faqen e internetit; (iii) \u00e7do p\u00ebrmbajtje t\u00eb marr\u00eb nga faqja e internetit; dhe (iv) akses, p\u00ebrdorim ose ndryshim t\u00eb paautorizuar t\u00eb transmetimeve ose p\u00ebrmbajtjes suaj, qoft\u00eb bazuar n\u00eb garanci, kontrat\u00eb, delikt (p\u00ebrfshir\u00eb neglizhenc\u00ebn), ose ndonj\u00eb teori tjet\u00ebr ligjore, pavar\u00ebsisht n\u00ebse jemi informuar apo jo p\u00ebr mund\u00ebsin\u00eb e nj\u00eb d\u00ebmi t\u00eb till\u00eb.<\/p>\n\n\n\n<h3 class=\"wp-block-heading\">7. Kompensimi<\/h3>\n\n\n\n<p>Ju pranoni t\u00eb mbroni, t\u00eb d\u00ebmshp\u00ebrbleni dhe t\u00eb mbani t\u00eb pad\u00ebmtuar Brera Dent dhe licencuesit dhe licencor\u00ebt e saj, si dhe punonj\u00ebsit, kontraktor\u00ebt, agjent\u00ebt, zyrtar\u00ebt dhe drejtor\u00ebt e tyre, nga dhe kund\u00ebr \u00e7do dhe t\u00eb gjitha pretendimeve, d\u00ebmeve, detyrimeve, humbjeve, p\u00ebrgjegj\u00ebsive, kostove ose borxheve dhe shpenzimeve (p\u00ebrfshir\u00eb, por pa u kufizuar n\u00eb tarifat e avokatit), q\u00eb rrjedhin ose lindin nga p\u00ebrdorimi dhe qasja juaj n\u00eb faqen e internetit, ose nga shkelja e k\u00ebtyre Kushteve.<\/p>\n\n\n\n<h3 class=\"wp-block-heading\">8. Ligji qeveris\u00ebs<\/h3>\n\n\n\n<p>K\u00ebto Kushtet do t\u00eb rregullohen dhe interpretohen n\u00eb p\u00ebrputhje me ligjet e Shqip\u00ebris\u00eb, pa marr\u00eb parasysh dispozitat e saj p\u00ebr konfliktin e ligjeve.<\/p>\n\n\n\n<h3 class=\"wp-block-heading\">9. Ndryshimet n\u00eb Kushtet dhe Rregullat<\/h3>\n\n\n\n<p>Ne rezervojm\u00eb t\u00eb drejt\u00ebn, sipas gjykimit ton\u00eb t\u00eb vet\u00ebm, t\u00eb modifikojm\u00eb ose z\u00ebvend\u00ebsojm\u00eb k\u00ebto Kushtet n\u00eb \u00e7do koh\u00eb. N\u00ebse nj\u00eb rishikim \u00ebsht\u00eb material, ne do t\u00eb p\u00ebrpiqemi t\u00eb japim t\u00eb pakt\u00ebn 30 dit\u00eb njoftim para se \u00e7do kusht i ri t\u00eb hyj\u00eb n\u00eb fuqi. Ajo q\u00eb p\u00ebrb\u00ebn nj\u00eb ndryshim material do t\u00eb p\u00ebrcaktohet sipas gjykimit ton\u00eb t\u00eb vet\u00ebm.<\/p>\n\n\n\n<h3 class=\"wp-block-heading\">10. Na kontaktoni<\/h3>\n\n\n\n<p>N\u00ebse keni ndonj\u00eb pyetje rreth k\u00ebtyre Kushteve, ju lutemi na kontaktoni:<\/p>\n\n\n\n<p>Brera Dent<\/p>\n\n\n\n<p>Rruga Reshit \u00c7ollaku, Bulevardi Gjergj Fishta, Tiran\u00eb<\/p>\n\n\n\n<p>+355672067285<\/p>\n\n\n\n<p>+393447152644<\/p>\n\n\n\n<p>breradent@gmail.com<\/p>","protected":false},"excerpt":{"rendered":"<p>Terms and Conditions Welcome to Brera Dent&#8217;s website. By accessing or using our website, you agree to comply with and be bound by the following terms and conditions. Please review these terms carefully. If you do not agree to these terms, you should not use this website. 1. Acceptance of Terms These Terms and Conditions &#8230; <a title=\"Kushtet dhe Rregullat\" class=\"read-more\" href=\"https:\/\/breradent.al\/sq\/terms-and-conditions\/\" aria-label=\"Read more about Terms and Conditions\">Lexoni m\u00eb shum\u00eb<\/a><\/p>","protected":false},"author":1,"featured_media":0,"parent":0,"menu_order":0,"comment_status":"closed","ping_status":"closed","template":"","meta":{"inline_featured_image":false,"footnotes":""},"class_list":["post-5207","page","type-page","status-publish"],"_links":{"self":[{"href":"https:\/\/breradent.al\/sq\/wp-json\/wp\/v2\/pages\/5207","targetHints":{"allow":["GET"]}}],"collection":[{"href":"https:\/\/breradent.al\/sq\/wp-json\/wp\/v2\/pages"}],"about":[{"href":"https:\/\/breradent.al\/sq\/wp-json\/wp\/v2\/types\/page"}],"author":[{"embeddable":true,"href":"https:\/\/breradent.al\/sq\/wp-json\/wp\/v2\/users\/1"}],"replies":[{"embeddable":true,"href":"https:\/\/breradent.al\/sq\/wp-json\/wp\/v2\/comments?post=5207"}],"version-history":[{"count":1,"href":"https:\/\/breradent.al\/sq\/wp-json\/wp\/v2\/pages\/5207\/revisions"}],"predecessor-version":[{"id":5208,"href":"https:\/\/breradent.al\/sq\/wp-json\/wp\/v2\/pages\/5207\/revisions\/5208"}],"wp:attachment":[{"href":"https:\/\/breradent.al\/sq\/wp-json\/wp\/v2\/media?parent=5207"}],"curies":[{"name":"wp","href":"https:\/\/api.w.org\/{rel}","templated":true}]}}